{"id":2,"date":"2017-12-02T00:15:21","date_gmt":"2017-12-02T00:15:21","guid":{"rendered":"http:\/\/stefanobalzarin.de\/?page_id=2"},"modified":"2017-12-02T00:42:09","modified_gmt":"2017-12-02T00:42:09","slug":"sample-page","status":"publish","type":"page","link":"http:\/\/StefanoBalzarin.de\/?page_id=2","title":{"rendered":"\u00dcber Stefanos Web"},"content":{"rendered":"<p>Hallo, bitte f\u00fcllt den Blog mit Geschichten um und mit Stefano. Es k\u00f6nnen sch\u00f6ne und freudige Geschichten sein, aber auch mal etwas trauriges.<\/p>\n<p>Bevorzugt mit Bildern &#8211; ihr k\u00f6nnt auch spontan etwas posten, sollte euch etwas einfallen oder ihr durch Zufall beim Aufr\u00e4umen f\u00fcndig werden.<\/p>\n<p>Denkt daran, dies ist keine Trauerseite und auch keine Kondolenzliste!<\/p>\n<p>Da dieser Blog \u00f6ffentlich ist, bitte ich die Form zu wahren, sonst werde ich redigieren oder auch l\u00f6schen.<\/p>\n<p>Den Anfang mache ich mit einem &#8222;Ausflug&#8220; in das Jahr 1972! \ud83d\ude42<\/p>\n<p>&nbsp;<\/p>\n<p>Alessandro Balzarin (Bruder)<\/p>\n","protected":false},"excerpt":{"rendered":"<p>Hallo, bitte f\u00fcllt den Blog mit Geschichten um und mit Stefano. Es k\u00f6nnen sch\u00f6ne und freudige Geschichten sein, aber auch mal etwas trauriges. Bevorzugt mit Bildern &#8211; ihr k\u00f6nnt auch spontan etwas posten, sollte euch etwas einfallen oder ihr durch Zufall beim Aufr\u00e4umen f\u00fcndig werden. Denkt daran, dies ist keine Trauerseite und auch keine Kondolenzliste! &hellip; <\/p>\n<p class=\"link-more\"><a href=\"http:\/\/StefanoBalzarin.de\/?page_id=2\" class=\"more-link\"><span class=\"screen-reader-text\">\u201e\u00dcber Stefanos Web\u201c<\/span> weiterlesen<\/a><\/p>\n","protected":false},"author":1,"featured_media":0,"parent":0,"menu_order":0,"comment_status":"closed","ping_status":"open","template":"","meta":[],"_links":{"self":[{"href":"http:\/\/StefanoBalzarin.de\/index.php?rest_route=\/wp\/v2\/pages\/2"}],"collection":[{"href":"http:\/\/StefanoBalzarin.de\/index.php?rest_route=\/wp\/v2\/pages"}],"about":[{"href":"http:\/\/StefanoBalzarin.de\/index.php?rest_route=\/wp\/v2\/types\/page"}],"author":[{"embeddable":true,"href":"http:\/\/StefanoBalzarin.de\/index.php?rest_route=\/wp\/v2\/users\/1"}],"replies":[{"embeddable":true,"href":"http:\/\/StefanoBalzarin.de\/index.php?rest_route=%2Fwp%2Fv2%2Fcomments&post=2"}],"version-history":[{"count":2,"href":"http:\/\/StefanoBalzarin.de\/index.php?rest_route=\/wp\/v2\/pages\/2\/revisions"}],"predecessor-version":[{"id":12,"href":"http:\/\/StefanoBalzarin.de\/index.php?rest_route=\/wp\/v2\/pages\/2\/revisions\/12"}],"wp:attachment":[{"href":"http:\/\/StefanoBalzarin.de\/index.php?rest_route=%2Fwp%2Fv2%2Fmedia&parent=2"}],"curies":[{"name":"wp","href":"https:\/\/api.w.org\/{rel}","templated":true}]}}